{"id":992,"date":"2024-02-21T12:33:16","date_gmt":"2024-02-21T20:33:16","guid":{"rendered":"https:\/\/ladamajusticia.com\/sobre-nosotras\/"},"modified":"2024-10-08T20:32:23","modified_gmt":"2024-10-09T03:32:23","slug":"sobre-nosotras","status":"publish","type":"page","link":"https:\/\/ladamajusticia.com\/es\/sobre-nosotras\/","title":{"rendered":"Sobre nosotras"},"content":{"rendered":"\n<section id=\"page-hero-block_ee8ee3127fb9fcd3c024bb4e1a68dde6\" class=\"page-hero wp-block-acf-page-hero\">\n\n  <div class=\"grid-container\">\n\n    <div class=\"grid-x grid-padding-x\">\n\n      <div class=\"cell\">\n\n        <h1>Sobre nosotras<\/h1>\n\n      <\/div>\n\n    <\/div>\n\n  <\/div>\n\n    <div class=\"page-hero__bg page-hero__bg--desktop\">\n    <img loading=\"lazy\" decoding=\"async\" width=\"2560\" height=\"940\" src=\"https:\/\/ladamajusticia.com\/wp-content\/uploads\/2024\/04\/lady-justice-about-hero-3.jpg\" class=\"attachment-full size-full\" alt=\"Mujer con tacones altos subiendo unas escaleras exteriores, con las rodillas visibles hacia abajo.\" srcset=\"https:\/\/ladamajusticia.com\/wp-content\/uploads\/2024\/04\/lady-justice-about-hero-3.jpg 2560w, https:\/\/ladamajusticia.com\/wp-content\/uploads\/2024\/04\/lady-justice-about-hero-3-750x275.jpg 750w, https:\/\/ladamajusticia.com\/wp-content\/uploads\/2024\/04\/lady-justice-about-hero-3-1090x400.jpg 1090w\" sizes=\"auto, (max-width: 2560px) 100vw, 2560px\" \/>  <\/div>\n  \n    <div class=\"page-hero__bg page-hero__bg--mobile\">\n    <img loading=\"lazy\" decoding=\"async\" width=\"1500\" height=\"1420\" src=\"https:\/\/ladamajusticia.com\/wp-content\/uploads\/2024\/04\/lady-justice-about-hero-mobile-2.jpg\" class=\"attachment-full size-full\" alt=\"Mujer con tacones altos subiendo unas escaleras exteriores, con las rodillas visibles hacia abajo.\" srcset=\"https:\/\/ladamajusticia.com\/wp-content\/uploads\/2024\/04\/lady-justice-about-hero-mobile-2.jpg 1500w, https:\/\/ladamajusticia.com\/wp-content\/uploads\/2024\/04\/lady-justice-about-hero-mobile-2-750x710.jpg 750w, https:\/\/ladamajusticia.com\/wp-content\/uploads\/2024\/04\/lady-justice-about-hero-mobile-2-1090x1032.jpg 1090w\" sizes=\"auto, (max-width: 1500px) 100vw, 1500px\" \/>  <\/div>\n  \n  \n<\/section>\n<section id=\"text-module-block_a5e8032d483164288753705cbb4ecbf4\" class=\"text-module grid-container wp-block-acf-text-module\">\n\n  <div class=\"grid-x grid-padding-x align-center\">\n\n    <div class=\"cell xlarge-10\">\n\n      <div class=\"acf-innerblocks-container\">\n\n<h2 class=\"wp-block-heading\">Competente. Diferente. Inclusiva.   <\/h2>\n\n\n\n<h2 class=\"wp-block-heading\">Resolviendo problemas laborales con poder y aplomo.<\/h2>\n\n\n\n<p>Dirigido por Joanna Ghosh, &#8220;La Dama Justicia&#8221; es un bufete compuesto exclusivamente por mujeres abogadas que se destacan en la defensa de los problemas laborales de las mujeres. Respaldado por Lawyers for Justice, PC \u2013 una de las mejores firmas de derecho laboral en California \u2013 las abogadas especializadas en derecho laboral entienden las injusticias en el lugar de trabajo y c\u00f3mo ayudar. &#8220;La Dama Justicia&#8221; adopta un enfoque creativo y apasionado para luchar por los casos m\u00e1s dif\u00edciles de derecho laboral para mujeres. El equipo entiende las complejidades de la ley y ha ganado innumerables casos en los \u00faltimos 15 a\u00f1os. Lo mejor de todo es que el costo no es una barrera para obtener ayuda legal; &#8220;La Dama Justicia&#8221; ofrece una CONSULTA GRATUITA para comenzar a revisar su caso.    <\/p>\n\n<\/div>\n\n      \n    <\/div>\n\n  <\/div>\n\n  \n<\/section>\n<section id=\"stats-block-block_9ebf5e19e2ed0d8a6f8c9b2d6729e690\" class=\"stats-block wp-block-acf-stats-block\">\n\n  <div class=\"grid-container\">\n\n    <div class=\"grid-x grid-padding-x\">\n\n      <div class=\"cell xlarge-10\">\n\n        <div class=\"stats-block__stats\">\n\n                    <div class=\"stats-block__stats-item\">\n\n            <div class=\"stats-block__stats-number\">\n                            <div class=\"js-count-up\" data-value=\"30\">30<\/div>\n                            <div>+<\/div>\n                          <\/div>\n\n            <p>D\u00e9cadas de experiencia<\/p>\n\n          <\/div>\n                    <div class=\"stats-block__stats-item\">\n\n            <div class=\"stats-block__stats-number\">\n                            <div class=\"js-count-up\" data-value=\"100\">100<\/div>\n                            <div>+<\/div>\n                          <\/div>\n\n            <p>Casos Ganados<\/p>\n\n          <\/div>\n                    <div class=\"stats-block__stats-item\">\n\n            <div class=\"stats-block__stats-number\">\n                            <div class=\"js-count-up\" data-value=\"20\">20<\/div>\n                            <div>+<\/div>\n                          <\/div>\n\n            <p>Mujeres Abogadas<\/p>\n\n          <\/div>\n          \n        <\/div>\n\n      <\/div>\n\n    <\/div>\n\n  <\/div>\n\n  \n<\/section>\n<section id=\"testimonials\" class=\"testimonial-carousel wp-block-acf-testimonial-carousel\">\n\n  <div class=\"grid-container\">\n\n    <div class=\"grid-x grid-padding-x\">\n\n      <div class=\"cell large-10\">\n\n                <h2 class=\"h4\">Testimonios<\/h2>\n        \n        <div class=\"testimonial-carousel__carousel swiper\">\n\n          <div class=\"swiper-wrapper\">\n\n                        <div class=\"swiper-slide\">\n\n              <p>\u201cPrimera vez que hablo con una representante de Lawyers for Justice. Ella fue absolutamente genial al explicar mi caso, a lo que pude entender. A partir de ese d\u00eda, su equipo fue genial, todas las citas fueron muy agradables y se logro el objetivo.\u201d<\/p>\n\n              <div class=\"testimonial-carousel__author\">\n                &#8211; Chantae Y.              <\/div>\n\n            <\/div>\n                        <div class=\"swiper-slide\">\n\n              <p>\u201cLawyers For Justice fue incre\u00edble! Me mantuvieron informada sobre mi caso que ten\u00eda activo, y los recomendar\u00eda ampliamente. Se lleg\u00f3 a un acuerdo excelente.\u201d<\/p>\n\n              <div class=\"testimonial-carousel__author\">\n                &#8211; Alice R.              <\/div>\n\n            <\/div>\n                        <div class=\"swiper-slide\">\n\n              <p>\u201cTuve un caso con el que realmente necesitaba ayuda y Lawyers for Justice estuvo ahi para ayudar. Son muy profesionales y, lo m\u00e1s importante, est\u00e1n disponibles para ti. Me hicieron sentir muy c\u00f3moda y respondieron a todas mis preguntas cada vez.\u201d<\/p>\n\n              <div class=\"testimonial-carousel__author\">\n                &#8211; Yvette V.              <\/div>\n\n            <\/div>\n                        <div class=\"swiper-slide\">\n\n              <p>\u201cSolo quiero dar las gracias a Lawyers for Justice por su profesionalismo y f\u00e1cil comunicaci\u00f3n, me mantuvieron al tanto de cada detalle en cada paso del camino. Recomendari\u00e1 este bufete de abogados cualquier d\u00eda. Muy respetuosos con mi privacidad y s\u00faper cort\u00e9s.\u201d  <\/p>\n\n              <div class=\"testimonial-carousel__author\">\n                &#8211; Sandra T.              <\/div>\n\n            <\/div>\n                        <div class=\"swiper-slide\">\n\n              <p>\u201cNo hay palabras para describir el personal de Lawyers for Justice. Van m\u00e1s all\u00e1 y te mantienen informado regularmente. Los recomiendo sumamente :)\u201d<\/p>\n\n              <div class=\"testimonial-carousel__author\">\n                &#8211; Alisha C.              <\/div>\n\n            <\/div>\n                        <div class=\"swiper-slide\">\n\n              <p>\u201cLawyers for Justice fue muy \u00fatil para reparar un error con respecto al pago de horas extras y los descansos\/horas de almuerzo. Fueron justos, me mantuvieron informada y tuvimos una resoluc\u00edon r\u00e1pida.\u201d<\/p>\n\n              <div class=\"testimonial-carousel__author\">\n                &#8211; Joyce E.              <\/div>\n\n            <\/div>\n            \n          <\/div>\n\n          <div class=\"swiper-pagination\"><\/div>\n\n        <\/div>\n\n      <\/div>\n\n    <\/div>\n\n  <\/div>\n\n  \n<\/section>\n<section id=\"team\" class=\"team-block wp-block-acf-team-block\">\n\n  <div class=\"grid-container\">\n\n    <div class=\"grid-x grid-padding-x\">\n\n      <div class=\"cell\">\n\n                <h2 class=\"team-block__header\">Conoce al Equipo<\/h2>\n        \n      <\/div>\n\n                  <div class=\"team-block__item cell medium-6 large-4\">\n        \n        <a href=\"https:\/\/ladamajusticia.com\/es\/team\/joanna-ghosh\/\" aria-label=\"Learn more about Joanna Ghosh\">\n        <div class=\"team-block__item-inner\">\n          <img loading=\"lazy\" decoding=\"async\" width=\"796\" height=\"1098\" src=\"https:\/\/ladamajusticia.com\/wp-content\/uploads\/2024\/02\/SSP_5668-796x1098.jpg\" class=\"attachment-headshot-lg size-headshot-lg wp-post-image\" alt=\"joanna-ghosh\" srcset=\"https:\/\/ladamajusticia.com\/wp-content\/uploads\/2024\/02\/SSP_5668-796x1098.jpg 796w, https:\/\/ladamajusticia.com\/wp-content\/uploads\/2024\/02\/SSP_5668-398x549.jpg 398w\" sizes=\"auto, (max-width: 796px) 100vw, 796px\" \/>\n          <h3>Joanna Ghosh<\/h3>\n        <\/div>\n        <\/a>\n\n      <\/div>\n            <div class=\"team-block__item cell medium-6 large-4\">\n        \n        <a href=\"https:\/\/ladamajusticia.com\/es\/team\/tara-zabehi\/\" aria-label=\"Learn more about Tara Zabehi\">\n        <div class=\"team-block__item-inner\">\n          <img loading=\"lazy\" decoding=\"async\" width=\"796\" height=\"1098\" src=\"https:\/\/ladamajusticia.com\/wp-content\/uploads\/2024\/03\/SSP_4815-796x1098.jpg\" class=\"attachment-headshot-lg size-headshot-lg wp-post-image\" alt=\"tara-zabehi\" srcset=\"https:\/\/ladamajusticia.com\/wp-content\/uploads\/2024\/03\/SSP_4815-796x1098.jpg 796w, https:\/\/ladamajusticia.com\/wp-content\/uploads\/2024\/03\/SSP_4815-398x549.jpg 398w\" sizes=\"auto, (max-width: 796px) 100vw, 796px\" \/>\n          <h3>Tara Zabehi<\/h3>\n        <\/div>\n        <\/a>\n\n      <\/div>\n            <div class=\"team-block__item cell medium-6 large-4\">\n        \n        <a href=\"https:\/\/ladamajusticia.com\/es\/team\/elizabeth-m-r-parker-fawley\/\" aria-label=\"Learn more about Elizabeth M.R. Parker-Fawley\">\n        <div class=\"team-block__item-inner\">\n          <img loading=\"lazy\" decoding=\"async\" width=\"796\" height=\"1098\" src=\"https:\/\/ladamajusticia.com\/wp-content\/uploads\/2024\/03\/SSP_3954-1-796x1098.jpg\" class=\"attachment-headshot-lg size-headshot-lg wp-post-image\" alt=\"Elizabeth Parker-Fawley\" srcset=\"https:\/\/ladamajusticia.com\/wp-content\/uploads\/2024\/03\/SSP_3954-1-796x1098.jpg 796w, https:\/\/ladamajusticia.com\/wp-content\/uploads\/2024\/03\/SSP_3954-1-398x549.jpg 398w\" sizes=\"auto, (max-width: 796px) 100vw, 796px\" \/>\n          <h3>Elizabeth M.R. Parker-Fawley<\/h3>\n        <\/div>\n        <\/a>\n\n      <\/div>\n            <div class=\"team-block__item cell medium-6 large-4\">\n        \n        <a href=\"https:\/\/ladamajusticia.com\/es\/team\/brittany-shaw\/\" aria-label=\"Learn more about Brittany Shaw\">\n        <div class=\"team-block__item-inner\">\n          <img loading=\"lazy\" decoding=\"async\" width=\"796\" height=\"1098\" src=\"https:\/\/ladamajusticia.com\/wp-content\/uploads\/2024\/03\/SSP_4089-796x1098.jpg\" class=\"attachment-headshot-lg size-headshot-lg wp-post-image\" alt=\"brittany-shaw\" srcset=\"https:\/\/ladamajusticia.com\/wp-content\/uploads\/2024\/03\/SSP_4089-796x1098.jpg 796w, https:\/\/ladamajusticia.com\/wp-content\/uploads\/2024\/03\/SSP_4089-398x549.jpg 398w\" sizes=\"auto, (max-width: 796px) 100vw, 796px\" \/>\n          <h3>Brittany Shaw<\/h3>\n        <\/div>\n        <\/a>\n\n      <\/div>\n            <div class=\"team-block__item cell medium-6 large-4\">\n        \n        <a href=\"https:\/\/ladamajusticia.com\/es\/team\/yasmin-hosseini\/\" aria-label=\"Learn more about Yasmin Hosseini\">\n        <div class=\"team-block__item-inner\">\n          <img loading=\"lazy\" decoding=\"async\" width=\"796\" height=\"1098\" src=\"https:\/\/ladamajusticia.com\/wp-content\/uploads\/2024\/03\/LadyJusticeDay2_PeachBG_0522-796x1098.jpg\" class=\"attachment-headshot-lg size-headshot-lg wp-post-image\" alt=\"yasmin-hosseini\" srcset=\"https:\/\/ladamajusticia.com\/wp-content\/uploads\/2024\/03\/LadyJusticeDay2_PeachBG_0522-796x1098.jpg 796w, https:\/\/ladamajusticia.com\/wp-content\/uploads\/2024\/03\/LadyJusticeDay2_PeachBG_0522-750x1034.jpg 750w, https:\/\/ladamajusticia.com\/wp-content\/uploads\/2024\/03\/LadyJusticeDay2_PeachBG_0522-1090x1503.jpg 1090w, https:\/\/ladamajusticia.com\/wp-content\/uploads\/2024\/03\/LadyJusticeDay2_PeachBG_0522-398x549.jpg 398w, https:\/\/ladamajusticia.com\/wp-content\/uploads\/2024\/03\/LadyJusticeDay2_PeachBG_0522.jpg 1636w\" sizes=\"auto, (max-width: 796px) 100vw, 796px\" \/>\n          <h3>Yasmin Hosseini<\/h3>\n        <\/div>\n        <\/a>\n\n      <\/div>\n            <div class=\"team-block__item cell medium-6 large-4\">\n        \n        <a href=\"https:\/\/ladamajusticia.com\/es\/team\/hagit-goltzer\/\" aria-label=\"Learn more about Hagit Goltzer\">\n        <div class=\"team-block__item-inner\">\n          <img loading=\"lazy\" decoding=\"async\" width=\"796\" height=\"1098\" src=\"https:\/\/ladamajusticia.com\/wp-content\/uploads\/2024\/03\/lady-justice-hagit-goltzer-796x1098.jpg\" class=\"attachment-headshot-lg size-headshot-lg wp-post-image\" alt=\"Hagit Goltzer abogado de la se\u00f1ora justicia retrato de pecho con americana gris, mirando a la c\u00e1mara, sobre fondo rosa, pelo largo ondulado moreno\" srcset=\"https:\/\/ladamajusticia.com\/wp-content\/uploads\/2024\/03\/lady-justice-hagit-goltzer-796x1098.jpg 796w, https:\/\/ladamajusticia.com\/wp-content\/uploads\/2024\/03\/lady-justice-hagit-goltzer-750x1034.jpg 750w, https:\/\/ladamajusticia.com\/wp-content\/uploads\/2024\/03\/lady-justice-hagit-goltzer-1090x1503.jpg 1090w, https:\/\/ladamajusticia.com\/wp-content\/uploads\/2024\/03\/lady-justice-hagit-goltzer-398x549.jpg 398w, https:\/\/ladamajusticia.com\/wp-content\/uploads\/2024\/03\/lady-justice-hagit-goltzer.jpg 1636w\" sizes=\"auto, (max-width: 796px) 100vw, 796px\" \/>\n          <h3>Hagit Goltzer<\/h3>\n        <\/div>\n        <\/a>\n\n      <\/div>\n            <div class=\"team-block__item cell medium-6 large-4\">\n        \n        <a href=\"https:\/\/ladamajusticia.com\/es\/team\/selena-matavosian\/\" aria-label=\"Learn more about Selena Matavosian\">\n        <div class=\"team-block__item-inner\">\n          <img loading=\"lazy\" decoding=\"async\" width=\"796\" height=\"1098\" src=\"https:\/\/ladamajusticia.com\/wp-content\/uploads\/2024\/03\/SSP_5955-796x1098.jpg\" class=\"attachment-headshot-lg size-headshot-lg wp-post-image\" alt=\"Selena-Matavosian\" srcset=\"https:\/\/ladamajusticia.com\/wp-content\/uploads\/2024\/03\/SSP_5955-796x1098.jpg 796w, https:\/\/ladamajusticia.com\/wp-content\/uploads\/2024\/03\/SSP_5955-398x549.jpg 398w\" sizes=\"auto, (max-width: 796px) 100vw, 796px\" \/>\n          <h3>Selena Matavosian<\/h3>\n        <\/div>\n        <\/a>\n\n      <\/div>\n            <div class=\"team-block__item cell medium-6 large-4\">\n        \n        <a href=\"https:\/\/ladamajusticia.com\/es\/team\/alicia-cepillo\/\" aria-label=\"Learn more about Alicia Cepillo\">\n        <div class=\"team-block__item-inner\">\n          <img loading=\"lazy\" decoding=\"async\" width=\"796\" height=\"1098\" src=\"https:\/\/ladamajusticia.com\/wp-content\/uploads\/2024\/03\/lady-justice-alicia-brush-796x1098.jpg\" class=\"attachment-headshot-lg size-headshot-lg wp-post-image\" alt=\"Alicia Brush abogada con americana negra y camiseta gris con pelo largo sobre fondo rosa\" srcset=\"https:\/\/ladamajusticia.com\/wp-content\/uploads\/2024\/03\/lady-justice-alicia-brush-796x1098.jpg 796w, https:\/\/ladamajusticia.com\/wp-content\/uploads\/2024\/03\/lady-justice-alicia-brush-750x1034.jpg 750w, https:\/\/ladamajusticia.com\/wp-content\/uploads\/2024\/03\/lady-justice-alicia-brush-1090x1503.jpg 1090w, https:\/\/ladamajusticia.com\/wp-content\/uploads\/2024\/03\/lady-justice-alicia-brush-398x549.jpg 398w, https:\/\/ladamajusticia.com\/wp-content\/uploads\/2024\/03\/lady-justice-alicia-brush.jpg 1636w\" sizes=\"auto, (max-width: 796px) 100vw, 796px\" \/>\n          <h3>Alicia Cepillo<\/h3>\n        <\/div>\n        <\/a>\n\n      <\/div>\n            <div class=\"team-block__item cell medium-6 large-4\">\n        \n        <a href=\"https:\/\/ladamajusticia.com\/es\/team\/aliza-grossman\/\" aria-label=\"Learn more about Aliza Grossman\">\n        <div class=\"team-block__item-inner\">\n          <img loading=\"lazy\" decoding=\"async\" width=\"796\" height=\"1098\" src=\"https:\/\/ladamajusticia.com\/wp-content\/uploads\/2024\/03\/SSP_3260-796x1098.jpg\" class=\"attachment-headshot-lg size-headshot-lg wp-post-image\" alt=\"aliza-grossman\" srcset=\"https:\/\/ladamajusticia.com\/wp-content\/uploads\/2024\/03\/SSP_3260-796x1098.jpg 796w, https:\/\/ladamajusticia.com\/wp-content\/uploads\/2024\/03\/SSP_3260-398x549.jpg 398w\" sizes=\"auto, (max-width: 796px) 100vw, 796px\" \/>\n          <h3>Aliza Grossman<\/h3>\n        <\/div>\n        <\/a>\n\n      <\/div>\n            <div class=\"team-block__item cell medium-6 large-4\">\n        \n        <a href=\"https:\/\/ladamajusticia.com\/es\/team\/meg-razi\/\" aria-label=\"Learn more about Meg Razi\">\n        <div class=\"team-block__item-inner\">\n          <img loading=\"lazy\" decoding=\"async\" width=\"796\" height=\"1098\" src=\"https:\/\/ladamajusticia.com\/wp-content\/uploads\/2024\/03\/Untitled-design-30-796x1098.png\" class=\"attachment-headshot-lg size-headshot-lg wp-post-image\" alt=\"meg-razi-lawyer\" srcset=\"https:\/\/ladamajusticia.com\/wp-content\/uploads\/2024\/03\/Untitled-design-30-796x1098.png 796w, https:\/\/ladamajusticia.com\/wp-content\/uploads\/2024\/03\/Untitled-design-30-398x549.png 398w\" sizes=\"auto, (max-width: 796px) 100vw, 796px\" \/>\n          <h3>Meg Razi<\/h3>\n        <\/div>\n        <\/a>\n\n      <\/div>\n      \n    <\/div>\n\n  <\/div>\n\n  \n<\/section>","protected":false},"excerpt":{"rendered":"","protected":false},"author":1,"featured_media":0,"parent":0,"menu_order":0,"comment_status":"closed","ping_status":"closed","template":"","meta":{"_acf_changed":false,"_seopress_robots_primary_cat":"","_seopress_titles_title":"","_seopress_titles_desc":"","_seopress_robots_index":"","footnotes":""},"class_list":["post-992","page","type-page","status-publish","hentry"],"acf":[],"_links":{"self":[{"href":"https:\/\/ladamajusticia.com\/es\/wp-json\/wp\/v2\/pages\/992","targetHints":{"allow":["GET"]}}],"collection":[{"href":"https:\/\/ladamajusticia.com\/es\/wp-json\/wp\/v2\/pages"}],"about":[{"href":"https:\/\/ladamajusticia.com\/es\/wp-json\/wp\/v2\/types\/page"}],"author":[{"embeddable":true,"href":"https:\/\/ladamajusticia.com\/es\/wp-json\/wp\/v2\/users\/1"}],"replies":[{"embeddable":true,"href":"https:\/\/ladamajusticia.com\/es\/wp-json\/wp\/v2\/comments?post=992"}],"version-history":[{"count":1,"href":"https:\/\/ladamajusticia.com\/es\/wp-json\/wp\/v2\/pages\/992\/revisions"}],"predecessor-version":[{"id":993,"href":"https:\/\/ladamajusticia.com\/es\/wp-json\/wp\/v2\/pages\/992\/revisions\/993"}],"wp:attachment":[{"href":"https:\/\/ladamajusticia.com\/es\/wp-json\/wp\/v2\/media?parent=992"}],"curies":[{"name":"wp","href":"https:\/\/api.w.org\/{rel}","templated":true}]}}