{"id":943,"date":"2024-02-23T16:18:25","date_gmt":"2024-02-24T00:18:25","guid":{"rendered":"https:\/\/ladamajusticia.com\/contactenos\/"},"modified":"2024-10-13T14:07:44","modified_gmt":"2024-10-13T21:07:44","slug":"contactenos","status":"publish","type":"page","link":"https:\/\/ladamajusticia.com\/es\/contactenos\/","title":{"rendered":"Cont\u00e1ctenos"},"content":{"rendered":"\n<section id=\"page-hero-block_af07fe58906b890092330be826b5dac2\" class=\"page-hero is-style-alternative wp-block-acf-page-hero\">\n\n  <div class=\"grid-container\">\n\n    <div class=\"grid-x grid-padding-x\">\n\n      <div class=\"cell\">\n\n        <h1>Por favor, p\u00f3ngase en contacto<\/h1>\n\n      <\/div>\n\n    <\/div>\n\n  <\/div>\n\n    <div class=\"page-hero__bg page-hero__bg--desktop\">\n    <img loading=\"lazy\" decoding=\"async\" width=\"2560\" height=\"940\" src=\"https:\/\/ladamajusticia.com\/wp-content\/uploads\/2024\/03\/LadyJ_Contact_Hero4.jpg\" class=\"attachment-full size-full\" alt=\"El horizonte de Los \u00c1ngeles al atardecer\" srcset=\"https:\/\/ladamajusticia.com\/wp-content\/uploads\/2024\/03\/LadyJ_Contact_Hero4.jpg 2560w, https:\/\/ladamajusticia.com\/wp-content\/uploads\/2024\/03\/LadyJ_Contact_Hero4-750x275.jpg 750w, https:\/\/ladamajusticia.com\/wp-content\/uploads\/2024\/03\/LadyJ_Contact_Hero4-1090x400.jpg 1090w\" sizes=\"auto, (max-width: 2560px) 100vw, 2560px\" \/>  <\/div>\n  \n    <div class=\"page-hero__bg page-hero__bg--mobile\">\n    <img loading=\"lazy\" decoding=\"async\" width=\"1500\" height=\"1420\" src=\"https:\/\/ladamajusticia.com\/wp-content\/uploads\/2024\/03\/lady-justice-contact.jpg\" class=\"attachment-full size-full\" alt=\"El horizonte de Los \u00c1ngeles al atardecer\" srcset=\"https:\/\/ladamajusticia.com\/wp-content\/uploads\/2024\/03\/lady-justice-contact.jpg 1500w, https:\/\/ladamajusticia.com\/wp-content\/uploads\/2024\/03\/lady-justice-contact-750x710.jpg 750w, https:\/\/ladamajusticia.com\/wp-content\/uploads\/2024\/03\/lady-justice-contact-1090x1032.jpg 1090w\" sizes=\"auto, (max-width: 1500px) 100vw, 1500px\" \/>  <\/div>\n  \n  \n<\/section>\n<section id=\"consultation\" class=\"form-text-block form-block wp-block-acf-form-text-block\">\n\n  <div class=\"grid-container\">\n\n    <div class=\"grid-x grid-padding-x\">\n\n      <div class=\"cell large-3\">\n\n        <h2>Recupera lo que es tuyo.<\/h2>\n\n        <p>Nuestras poderosas abogadas de derecho laboral te ayudar\u00e1n a conseguir lo que te mereces en el lugar de trabajo.<\/p>\n\n      <\/div>\n\n      <div class=\"cell large-9\">\n\n                <h3>Cu\u00e9ntanos lo qu\u00e9 sucedi\u00f3. Obt\u00e9n una Consulta gratis. <\/h3>\n        \n        <script type=\"text\/javascript\">\n\/* <![CDATA[ *\/\nvar gform;gform||(document.addEventListener(\"gform_main_scripts_loaded\",function(){gform.scriptsLoaded=!0}),document.addEventListener(\"gform\/theme\/scripts_loaded\",function(){gform.themeScriptsLoaded=!0}),window.addEventListener(\"DOMContentLoaded\",function(){gform.domLoaded=!0}),gform={domLoaded:!1,scriptsLoaded:!1,themeScriptsLoaded:!1,isFormEditor:()=>\"function\"==typeof InitializeEditor,callIfLoaded:function(o){return!(!gform.domLoaded||!gform.scriptsLoaded||!gform.themeScriptsLoaded&&!gform.isFormEditor()||(gform.isFormEditor()&&console.warn(\"The use of gform.initializeOnLoaded() is deprecated in the form editor context and will be removed in Gravity Forms 3.1.\"),o(),0))},initializeOnLoaded:function(o){gform.callIfLoaded(o)||(document.addEventListener(\"gform_main_scripts_loaded\",()=>{gform.scriptsLoaded=!0,gform.callIfLoaded(o)}),document.addEventListener(\"gform\/theme\/scripts_loaded\",()=>{gform.themeScriptsLoaded=!0,gform.callIfLoaded(o)}),window.addEventListener(\"DOMContentLoaded\",()=>{gform.domLoaded=!0,gform.callIfLoaded(o)}))},hooks:{action:{},filter:{}},addAction:function(o,r,e,t){gform.addHook(\"action\",o,r,e,t)},addFilter:function(o,r,e,t){gform.addHook(\"filter\",o,r,e,t)},doAction:function(o){gform.doHook(\"action\",o,arguments)},applyFilters:function(o){return gform.doHook(\"filter\",o,arguments)},removeAction:function(o,r){gform.removeHook(\"action\",o,r)},removeFilter:function(o,r,e){gform.removeHook(\"filter\",o,r,e)},addHook:function(o,r,e,t,n){null==gform.hooks[o][r]&&(gform.hooks[o][r]=[]);var d=gform.hooks[o][r];null==n&&(n=r+\"_\"+d.length),gform.hooks[o][r].push({tag:n,callable:e,priority:t=null==t?10:t})},doHook:function(r,o,e){var t;if(e=Array.prototype.slice.call(e,1),null!=gform.hooks[r][o]&&((o=gform.hooks[r][o]).sort(function(o,r){return o.priority-r.priority}),o.forEach(function(o){\"function\"!=typeof(t=o.callable)&&(t=window[t]),\"action\"==r?t.apply(null,e):e[0]=t.apply(null,e)})),\"filter\"==r)return e[0]},removeHook:function(o,r,t,n){var e;null!=gform.hooks[o][r]&&(e=(e=gform.hooks[o][r]).filter(function(o,r,e){return!!(null!=n&&n!=o.tag||null!=t&&t!=o.priority)}),gform.hooks[o][r]=e)}});\n\/* ]]> *\/\n<\/script>\n\n                <div class='gf_browser_gecko gform_wrapper gravity-theme gform-theme--no-framework' data-form-theme='gravity-theme' data-form-index='0' id='gform_wrapper_1' ><div id='gf_1' class='gform_anchor' tabindex='-1'><\/div><form method='post' enctype='multipart\/form-data' target='gform_ajax_frame_1' id='gform_1'  action='\/es\/wp-json\/wp\/v2\/pages\/943#gf_1' data-formid='1' novalidate>\n                        <div class='gform-body gform_body'><div id='gform_fields_1' class='gform_fields top_label form_sublabel_below description_below validation_below'><div id=\"field_1_16\" class=\"gfield gfield--type-honeypot gform_validation_container field_sublabel_below gfield--has-description field_description_below field_validation_below gfield_visibility_visible\"  ><label class='gfield_label gform-field-label' for='input_1_16'>Company<\/label><div class='ginput_container'><input name='input_16' id='input_1_16' type='text' value='' autocomplete='new-password'\/><\/div><div class='gfield_description' id='gfield_description_1_16'>This field is for validation purposes and should be left unchanged.<\/div><\/div><div id=\"field_1_1\" class=\"gfield gfield--type-text gfield--input-type-text gfield--width-full gfield_contains_required field_sublabel_below gfield--no-description field_description_below hidden_label field_validation_below gfield_visibility_visible\"  ><label class='gfield_label gform-field-label' for='input_1_1'>Nombre<span class=\"gfield_required\"><span class=\"gfield_required gfield_required_text\">(Required)<\/span><\/span><\/label><div class='ginput_container ginput_container_text'><input name='input_1' id='input_1_1' type='text' value='' class='large'    placeholder='Nombre' aria-required=\"true\" aria-invalid=\"false\"   \/><\/div><\/div><div id=\"field_1_4\" class=\"gfield gfield--type-email gfield--input-type-email gfield--width-full gfield_contains_required field_sublabel_below gfield--no-description field_description_below hidden_label field_validation_below gfield_visibility_visible\"  ><label class='gfield_label gform-field-label' for='input_1_4'>Correo Electr\u00f3nico<span class=\"gfield_required\"><span class=\"gfield_required gfield_required_text\">(Required)<\/span><\/span><\/label><div class='ginput_container ginput_container_email'>\n                            <input name='input_4' id='input_1_4' type='email' value='' class='large'   placeholder='Correo Electr\u00f3nico' aria-required=\"true\" aria-invalid=\"false\"  \/>\n                        <\/div><\/div><div id=\"field_1_6\" class=\"gfield gfield--type-text gfield--input-type-text gfield--width-full gfield_contains_required field_sublabel_below gfield--no-description field_description_below hidden_label field_validation_below gfield_visibility_visible\"  ><label class='gfield_label gform-field-label' for='input_1_6'>Numero de Tel\u00e9fono<span class=\"gfield_required\"><span class=\"gfield_required gfield_required_text\">(Required)<\/span><\/span><\/label><div class='ginput_container ginput_container_text'><input name='input_6' id='input_1_6' type='text' value='' class='large'    placeholder='Numero de Tel\u00e9fono' aria-required=\"true\" aria-invalid=\"false\"   \/><\/div><\/div><div id=\"field_1_7\" class=\"gfield gfield--type-text gfield--input-type-text gfield--width-full field_sublabel_below gfield--no-description field_description_below hidden_label field_validation_below gfield_visibility_visible\"  ><label class='gfield_label gform-field-label' for='input_1_7'>Nombre del Empleador<\/label><div class='ginput_container ginput_container_text'><input name='input_7' id='input_1_7' type='text' value='' class='large'    placeholder='Nombre del Empleador'  aria-invalid=\"false\"   \/><\/div><\/div><div id=\"field_1_15\" class=\"gfield gfield--type-text gfield--input-type-text gfield--width-full gfield_contains_required field_sublabel_below gfield--no-description field_description_below hidden_label field_validation_below gfield_visibility_visible\"  ><label class='gfield_label gform-field-label' for='input_1_15'>State you were Working in<span class=\"gfield_required\"><span class=\"gfield_required gfield_required_text\">(Required)<\/span><\/span><\/label><div class='ginput_container ginput_container_text'><input name='input_15' id='input_1_15' type='text' value='' class='large'    placeholder='State you were Working in' aria-required=\"true\" aria-invalid=\"false\"   \/><\/div><\/div><div id=\"field_1_8\" class=\"gfield gfield--type-textarea gfield--input-type-textarea gfield--width-full gfield_contains_required field_sublabel_below gfield--no-description field_description_below hidden_label field_validation_below gfield_visibility_visible\"  ><label class='gfield_label gform-field-label' for='input_1_8'>Por favor describe lo que paso<span class=\"gfield_required\"><span class=\"gfield_required gfield_required_text\">(Required)<\/span><\/span><\/label><div class='ginput_container ginput_container_textarea'><textarea name='input_8' id='input_1_8' class='textarea large'    placeholder='Por favor describe lo que paso' aria-required=\"true\" aria-invalid=\"false\"   rows='10' cols='50'><\/textarea><\/div><\/div><div id=\"field_1_12\" class=\"gfield gfield--type-html gfield--input-type-html gfield--width-full gfield_html gfield_html_formatted gfield_no_follows_desc field_sublabel_below gfield--no-description field_description_below field_validation_below gfield_visibility_visible\"  ><div><\/div><fieldset id=\"field_1_9\" class=\"gfield gfield--type-checkbox gfield--type-choice gfield--input-type-checkbox gfield--width-full gfield_contains_required field_sublabel_below gfield--no-description field_description_below hidden_label field_validation_below gfield_visibility_visible\"  ><legend class='gfield_label gform-field-label gfield_label_before_complex' >Acuerdo de Pol\u00edtica<span class=\"gfield_required\"><span class=\"gfield_required gfield_required_text\">(Required)<\/span><\/span><\/legend><div class='ginput_container ginput_container_checkbox'><div class='gfield_checkbox ' id='input_1_9'><div class='gchoice gchoice_1_9_1'>\n\t\t\t\t\t\t\t\t<input class='gfield-choice-input' name='input_9.1' type='checkbox'  value='By selecting this, you agree to the &lt;a href=&quot;\/privacy-policy\/&quot; target=&quot;_blank&quot;&gt;Privacy Notice&lt;\/a&gt; and &lt;a href=&quot;\/terms-of-use\/&quot; target=&quot;_blank&quot;&gt;Terms of Use&lt;\/a&gt;'  id='choice_1_9_1'   \/>\n\t\t\t\t\t\t\t\t<label for='choice_1_9_1' id='label_1_9_1' class='gform-field-label gform-field-label--type-inline'>By selecting this, you agree to the <a href=\"\/privacy-policy\/\" target=\"_blank\">Privacy Notice<\/a> and <a href=\"\/terms-of-use\/\" target=\"_blank\">Terms of Use<\/a><\/label>\n\t\t\t\t\t\t\t<\/div><\/div><\/div><\/fieldset><fieldset id=\"field_1_14\" class=\"gfield gfield--type-checkbox gfield--type-choice gfield--input-type-checkbox gfield--width-full long-checkbox field_sublabel_below gfield--no-description field_description_below hidden_label field_validation_below gfield_visibility_visible\"  ><legend class='gfield_label gform-field-label gfield_label_before_complex' >Referral consent<\/legend><div class='ginput_container ginput_container_checkbox'><div class='gfield_checkbox ' id='input_1_14'><div class='gchoice gchoice_1_14_1'>\n\t\t\t\t\t\t\t\t<input class='gfield-choice-input' name='input_14.1' type='checkbox'  value='If we are not in a position to represent you, with respect to your potential claim(s), you authorize us to refer your legal matter to another firm and share your information on your behalf'  id='choice_1_14_1'   \/>\n\t\t\t\t\t\t\t\t<label for='choice_1_14_1' id='label_1_14_1' class='gform-field-label gform-field-label--type-inline'>If we are not in a position to represent you, with respect to your potential claim(s), you authorize us to refer your legal matter to another firm and share your information on your behalf<\/label>\n\t\t\t\t\t\t\t<\/div><\/div><\/div><\/fieldset><div id=\"field_1_13\" class=\"gfield gfield--type-html gfield--input-type-html gfield--width-full gfield_html gfield_html_formatted gfield_no_follows_desc field_sublabel_below gfield--no-description field_description_below field_validation_below gfield_visibility_visible\"  ><\/div><\/div><div id=\"field_1_11\" class=\"gfield gfield--type-captcha gfield--input-type-captcha gfield--width-full field_sublabel_below gfield--no-description field_description_below hidden_label field_validation_below gfield_visibility_visible\"  ><label class='gfield_label gform-field-label' for='input_1_11'>CAPTCHA<\/label><div id='input_1_11' class='ginput_container ginput_recaptcha' data-sitekey='6LfApkMjAAAAAB_AjX7Bo8WkXJVu0JoU_WqNAttZ'  data-theme='light' data-tabindex='0'  data-badge=''><\/div><\/div><\/div><\/div>\n        <div class='gform-footer gform_footer top_label'> <button class='gform_button' id='gform_submit_button_1'><span>Enviar<\/span><\/button> <input type='hidden' name='gform_ajax' value='form_id=1&amp;title=&amp;description=&amp;tabindex=0&amp;theme=gravity-theme&amp;hash=a6c8531ea573b5f3b3e4e0f47dcc410d' \/>\n            <input type='hidden' class='gform_hidden' name='gform_submission_method' data-js='gform_submission_method_1' value='iframe' \/>\n            <input type='hidden' class='gform_hidden' name='gform_theme' data-js='gform_theme_1' id='gform_theme_1' value='gravity-theme' \/>\n            <input type='hidden' class='gform_hidden' name='gform_style_settings' data-js='gform_style_settings_1' id='gform_style_settings_1' value='' \/>\n            <input type='hidden' class='gform_hidden' name='is_submit_1' value='1' \/>\n            <input type='hidden' class='gform_hidden' name='gform_submit' value='1' \/>\n            \n            <input type='hidden' class='gform_hidden' name='gform_currency' data-currency='USD' value='ZHFLA63wKC9lVG3VxArEUkbjkwTXxShst8nJYLs6u+2iWvMlb0Q1OqWzA+WU\/oSrQnwc86idBj8JfhbNGcnslC0C51yjO96WQnel7j1fQLT8g2g=' \/>\n            <input type='hidden' class='gform_hidden' name='gform_unique_id' value='' \/>\n            <input type='hidden' class='gform_hidden' name='state_1' value='WyJ7XCI5LjFcIjpcIjRiZWI3MzQ2NzM2ZWJkNjFkMDY2ZWZiZjA4M2FmNzlkXCIsXCIxNC4xXCI6XCI3MjliZTU1MDExYTNjZDE3MzM0Y2Q3YmI0ODgyNTRkMFwifSIsIjU2MzBlYjhlM2M3NzJmYWFkNDQ1MTRhYTViM2FmNzg2Il0=' \/>\n            <input type='hidden' autocomplete='off' class='gform_hidden' name='gform_target_page_number_1' id='gform_target_page_number_1' value='0' \/>\n            <input type='hidden' autocomplete='off' class='gform_hidden' name='gform_source_page_number_1' id='gform_source_page_number_1' value='1' \/>\n            <input type='hidden' name='gform_field_values' value='' \/>\n            \n        <\/div>\n                        <\/form>\n                        <\/div>\n\t\t                <iframe style='display:none;width:0px;height:0px;' src='about:blank' name='gform_ajax_frame_1' id='gform_ajax_frame_1' title='This iframe contains the logic required to handle Ajax powered Gravity Forms.'><\/iframe>\n\t\t                <script type=\"text\/javascript\">\n\/* <![CDATA[ *\/\n gform.initializeOnLoaded( function() {gformInitSpinner( 1, 'https:\/\/ladamajusticia.com\/wp-content\/plugins\/gravityforms\/images\/spinner.svg', true );jQuery('#gform_ajax_frame_1').on('load',function(){var contents = jQuery(this).contents().find('*').html();var is_postback = contents.indexOf('GF_AJAX_POSTBACK') >= 0;if(!is_postback){return;}var form_content = jQuery(this).contents().find('#gform_wrapper_1');var is_confirmation = jQuery(this).contents().find('#gform_confirmation_wrapper_1').length > 0;var is_redirect = contents.indexOf('gformRedirect(){') >= 0;var is_form = form_content.length > 0 && ! is_redirect && ! is_confirmation;var mt = parseInt(jQuery('html').css('margin-top'), 10) + parseInt(jQuery('body').css('margin-top'), 10) + 100;if(is_form){jQuery('#gform_wrapper_1').html(form_content.html());if(form_content.hasClass('gform_validation_error')){jQuery('#gform_wrapper_1').addClass('gform_validation_error');} else {jQuery('#gform_wrapper_1').removeClass('gform_validation_error');}setTimeout( function() { \/* delay the scroll by 50 milliseconds to fix a bug in chrome *\/ jQuery(document).scrollTop(jQuery('#gform_wrapper_1').offset().top - mt); }, 50 );if(window['gformInitDatepicker']) {gformInitDatepicker();}if(window['gformInitPriceFields']) {gformInitPriceFields();}var current_page = jQuery('#gform_source_page_number_1').val();gformInitSpinner( 1, 'https:\/\/ladamajusticia.com\/wp-content\/plugins\/gravityforms\/images\/spinner.svg', true );jQuery(document).trigger('gform_page_loaded', [1, current_page]);window['gf_submitting_1'] = false;}else if(!is_redirect){var confirmation_content = jQuery(this).contents().find('.GF_AJAX_POSTBACK').html();if(!confirmation_content){confirmation_content = contents;}jQuery('#gform_wrapper_1').replaceWith(confirmation_content);jQuery(document).scrollTop(jQuery('#gf_1').offset().top - mt);jQuery(document).trigger('gform_confirmation_loaded', [1]);window['gf_submitting_1'] = false;wp.a11y.speak(jQuery('#gform_confirmation_message_1').text());}else{jQuery('#gform_1').append(contents);if(window['gformRedirect']) {gformRedirect();}}jQuery(document).trigger(\"gform_pre_post_render\", [{ formId: \"1\", currentPage: \"current_page\", abort: function() { this.preventDefault(); } }]);        if (event && event.defaultPrevented) {                return;        }        const gformWrapperDiv = document.getElementById( \"gform_wrapper_1\" );        if ( gformWrapperDiv ) {            const visibilitySpan = document.createElement( \"span\" );            visibilitySpan.id = \"gform_visibility_test_1\";            gformWrapperDiv.insertAdjacentElement( \"afterend\", visibilitySpan );        }        const visibilityTestDiv = document.getElementById( \"gform_visibility_test_1\" );        let postRenderFired = false;        function triggerPostRender() {            if ( postRenderFired ) {                return;            }            postRenderFired = true;            gform.core.triggerPostRenderEvents( 1, current_page );            if ( visibilityTestDiv ) {                visibilityTestDiv.parentNode.removeChild( visibilityTestDiv );            }        }        function debounce( func, wait, immediate ) {            var timeout;            return function() {                var context = this, args = arguments;                var later = function() {                    timeout = null;                    if ( !immediate ) func.apply( context, args );                };                var callNow = immediate && !timeout;                clearTimeout( timeout );                timeout = setTimeout( later, wait );                if ( callNow ) func.apply( context, args );            };        }        const debouncedTriggerPostRender = debounce( function() {            triggerPostRender();        }, 200 );        if ( visibilityTestDiv && visibilityTestDiv.offsetParent === null ) {            const observer = new MutationObserver( ( mutations ) => {                mutations.forEach( ( mutation ) => {                    if ( mutation.type === 'attributes' && visibilityTestDiv.offsetParent !== null ) {                        debouncedTriggerPostRender();                        observer.disconnect();                    }                });            });            observer.observe( document.body, {                attributes: true,                childList: false,                subtree: true,                attributeFilter: [ 'style', 'class' ],            });        } else {            triggerPostRender();        }    } );} ); \n\/* ]]> *\/\n<\/script>\n\n      <\/div>\n\n    <\/div>\n\n  <\/div>\n\n  \n<\/section>\n<section id=\"locations-block-block_69675edaa005ed242b207e6529cfafe4\" class=\"locations-block wp-block-acf-locations-block\">\n\n  <div class=\"grid-container\">\n\n    <div class=\"grid-x grid-padding-x\">\n\n      <div class=\"cell\">\n\n        <h2>Contacta Con Nosotras<\/h2>\n\n      <\/div>\n\n                    <div class=\"locations-block__text cell large-4\">\n\n                    <h3>D\u00e9janos ayudarte con tu batalla legal<\/h3>\n          \n                    <p>Nuestras poderosas abogadas de derecho laboral te ayudar\u00e1n a conseguir lo que te mereces en el lugar de trabajo.<\/p>\n          \n        <\/div>\n        <div class=\"cell large-8 locations-block__split\">\n        \n                    <div class=\"locations-block__item\">\n\n            <h3 class=\"location\">Glendale, CA<\/h3>\n\n            <p>450 N Brand Blvd<br \/>\r\nSuite 900<br \/>\r\nGlendale, CA 91203<br\/><a class=\"tel\" href=\"tel:+18185878423\">(818) JUSTICE<\/a><br\/><\/p>\n\n                        <a class=\"map\" href=\"https:\/\/www.google.com\/maps\/dir\/\/450+N+Brand+Blvd,+Glendale,+CA+91203\/@34.1525337,-118.2544831,20.54z\" target=\"_blank\"><span>Ver Mapa<\/span><\/a>\n            \n          <\/div>\n          \n        <\/div>\n\n      \n    <\/div>\n\n  <\/div>\n\n  \n<\/section>\n\n<section id=\"text-cta-block_6e428faa64d40b6f68bf3b1ad1b1b934\" class=\"text-cta wp-block-acf-text-cta\">\n\n  <div class=\"grid-container\">\n\n    <div class=\"grid-x grid-padding-x\">\n\n      <div class=\"cell xlarge-10\">\n\n        <div class=\"text-cta__header\">\n\n                    <h2>\u00danete a nuestro equipo<\/h2>\n          \n        <\/div>\n\n        <div class=\"text-cta__text\">\n\n                    <p>\u00bfQuieres unirte al equipo? Explora nuestras ofertas de empleo para abogados, asistentes procesales, coordinadores de admisi\u00f3n y m\u00e1s. M\u00e1s informaci\u00f3n en nuestra p\u00e1gina de LinkedIn.  <\/p>\n          \n                    <a class=\"btn btn--arrow btn--small\" href=\"https:\/\/www.linkedin.com\/jobs\/search\/?currentJobId=3713463341&#038;geoId=103644278&#038;keywords=lawyers%20for%20justice&#038;location=United%20States&#038;origin=JOB_SEARCH_PAGE_LOCATION_SUGGESTION&#038;refresh=true\" target=\"_blank\" rel=\"noopener\"><span>Ver ofertas de trabajo<\/span><\/a>\n          \n        <\/div>\n\n      <\/div>\n\n    <\/div>\n\n  <\/div>\n\n  \n<\/section>","protected":false},"excerpt":{"rendered":"","protected":false},"author":1,"featured_media":0,"parent":0,"menu_order":0,"comment_status":"closed","ping_status":"closed","template":"","meta":{"_acf_changed":false,"_seopress_robots_primary_cat":"","_seopress_titles_title":"","_seopress_titles_desc":"","_seopress_robots_index":"","footnotes":""},"class_list":["post-943","page","type-page","status-publish","hentry"],"acf":[],"_links":{"self":[{"href":"https:\/\/ladamajusticia.com\/es\/wp-json\/wp\/v2\/pages\/943","targetHints":{"allow":["GET"]}}],"collection":[{"href":"https:\/\/ladamajusticia.com\/es\/wp-json\/wp\/v2\/pages"}],"about":[{"href":"https:\/\/ladamajusticia.com\/es\/wp-json\/wp\/v2\/types\/page"}],"author":[{"embeddable":true,"href":"https:\/\/ladamajusticia.com\/es\/wp-json\/wp\/v2\/users\/1"}],"replies":[{"embeddable":true,"href":"https:\/\/ladamajusticia.com\/es\/wp-json\/wp\/v2\/comments?post=943"}],"version-history":[{"count":9,"href":"https:\/\/ladamajusticia.com\/es\/wp-json\/wp\/v2\/pages\/943\/revisions"}],"predecessor-version":[{"id":1040,"href":"https:\/\/ladamajusticia.com\/es\/wp-json\/wp\/v2\/pages\/943\/revisions\/1040"}],"wp:attachment":[{"href":"https:\/\/ladamajusticia.com\/es\/wp-json\/wp\/v2\/media?parent=943"}],"curies":[{"name":"wp","href":"https:\/\/api.w.org\/{rel}","templated":true}]}}